{"id":2071,"date":"2020-05-19T14:42:46","date_gmt":"2020-05-19T14:42:46","guid":{"rendered":"https:\/\/mottocup.com\/?post_type=product&#038;p=2071"},"modified":"2023-05-12T13:17:20","modified_gmt":"2023-05-12T13:17:20","slug":"12oz-paper-cup","status":"publish","type":"product","link":"https:\/\/mottocup.com\/en\/urun\/12oz-paper-cup\/","title":{"rendered":"12oz Paper Cup"},"content":{"rendered":"<ul>\n<li style=\"font-weight: 400;\" aria-level=\"1\">It is 12 oz in size and has a beverage capacity of 300-330 ml.<\/li>\n<li style=\"font-weight: 400;\" aria-level=\"1\">Paper cup; It is suitable for use in filter coffee, latte, americano and cold drinks.<\/li>\n<li style=\"font-weight: 400;\" aria-level=\"1\">The model in the photo is single-walled. However, there is also a double-walled paper cup model of the same model.<\/li>\n<li style=\"font-weight: 400;\" aria-level=\"1\">You can prefer it with its special production and design for your company. You can send your customization preferences to our company before your orders.<\/li>\n<li style=\"font-weight: 400;\" aria-level=\"1\">All production processes are carried out under hygienic conditions. The highest quality and healthy odorless paper materials are used in the glasses.<\/li>\n<li style=\"font-weight: 400;\" aria-level=\"1\">Products are suitable for recycling and nature friendly.<\/li>\n<li style=\"font-weight: 400;\" aria-level=\"1\">A minimum of 1000 orders are received for printed cardboard cups, and there are 2000 pieces in a single box for ready-made printed products.<\/li>\n<li style=\"font-weight: 400;\" aria-level=\"1\">Apart from the design option, you can also choose the product as plain, white if you wish.<\/li>\n<li style=\"font-weight: 400;\" aria-level=\"1\">There is also a <a href=\"https:\/\/mottocup.com\/karton-bardak-kapaklari\/\">cardboard cup cover<\/a> compatible with this product.<\/li>\n<li style=\"font-weight: 400;\" aria-level=\"1\">You can contact us for your wholesale paper cup orders, and you can examine our products in more detail at our Mottocup\u00a0<a href=\"https:\/\/www.instagram.com\/mottocup\/\">Instagram<\/a>.<\/li>\n<\/ul>\n","protected":false},"excerpt":{"rendered":"<div id=\"tw-container\" class=\"\" data-cp=\"1\" data-is-ver=\"false\" data-nnttsvi=\"1\" data-sbsl=\"ru,uk\" data-sm=\"1\" data-ssbp=\"false\" data-sugg-time=\"500\" data-sugg-url=\"https:\/\/clients1.google.com\/complete\/search\" data-uilc=\"tr\" data-vil=\",af,af-ZA,am,am-ET,ar-EG,ar-AE,ar-KW,ar-QA,ar,ar-IL,ar-JO,ar-LB,ar-PS,az,az-AZ,bg,bg-BG,bn,bn-BD,bn-IN,ca,ca-es,cs,cs-CZ,de,de-DE,de-CH,de-AT,de-LI,en,en-US,en-CA,en-AU,en-NZ,en-GB,en-IN,en-KE,en-TZ,en-NG,en-GH,en-PH,en-ZA,es,es-ES,es-AR,es-UY,es-419,es-BO,es-CL,es-CR,es-CO,es-DO,es-EC,es-GT,es-HN,es-NI,es-PA,es-PE,es-PR,es-PY,es-SV,es-VE,es-MX,es-US,eu,eu-ES,fi,fi-FI,fr,fr-FR,fr-CH,fr-BE,gl,gl-ES,gu,gu-IN,he,he-IL,iw,iw-IL,hu,hu-HU,hy,hy-AM,id,id-ID,is,is-IS,it,it-IT,it-CH,ja,ja-JP,jv,jv-ID,ka,ka-GE,km,km-KH,kn,kn-IN,ko,ko-KR,la,lo,lo-LA,lv,lv-LV,ml,ml-IN,mr,mr-IN,ms,ms-MY,nl,nl-NL,nb,nb-NO,ne,ne-NP,pl,pl-PL,pt,pt-BR,pt-PT,ro,ro-RO,ru,ru-RU,si-LK,sk,sk-SK,sr,sr-RS,su,su-ID,sv,sv-SE,sw,sw-TZ,sw-KE,ta,ta-IN,ta-SG,ta-LK,ta-MY,te,te-IN,tr,tr-TR,ur,ur-PK,ur-IN,yue,yue-HK,yue-Hant-HK,zh-HK,zh,zh-CN,zh-cmn,zh-cmn-CN,zh-Hans,zh-Hans-CN,zh-cmn-Hans,zh-cmn-Hans-CN,cmn-CN,cmn-Hans,cmn-Hans-CN,zh-TW,zh-Hant-TW,cmn-TW,cmn-Hant-TW,zh-cmn-TW,zh-cmn-Hant-TW,zu,zu-ZA\">\n<div>\n<div>\n<div id=\"tw-ob\" class=\"tw-src-ltr\">\n<div class=\"oSioSc\">\n<div id=\"tw-target\">\n<div id=\"kAz1tf\" class=\"g9WsWb\">\n<div id=\"tw-target-text-container\" class=\"tw-ta-container F0azHf tw-nfl\" tabindex=\"0\">\n<pre id=\"tw-target-text\" class=\"tw-data-text tw-text-large tw-ta\" dir=\"ltr\" data-placeholder=\"\u00c7eviri\"><span class=\"Y2IQFc\" lang=\"en\">330 ml Paper Paper Cup. Ideal for coffee and cold drinks. It is mostly preferred in cold drinks. \r\nCompatible plastic cover available.<\/span><\/pre>\n<\/div>\n<div id=\"tw-target-rmn-container\" class=\"tw-target-rmn tw-ta-container F0azHf tw-nfl\">\n<pre id=\"tw-target-rmn\" class=\"tw-data-placeholder tw-text-small tw-ta\" dir=\"ltr\" data-placeholder=\"\"><\/pre>\n<\/div>\n<div class=\"iYB33c\">\n<div class=\"dlJLJe\">\n<div data-cviv=\"false\" data-ved=\"2ahUKEwja9oWw3u_-AhVDRPEDHTr8AGQQz_AEegQIBRAP\">\n<div class=\"U9URNb\"><img decoding=\"async\" id=\"dimg_3\" class=\"YQ4gaf zr758c wA1Bge\" src=\"data:image\/png;base64,iVBORw0KGgoAAAANSUhEUgAAABQAAAAUCAQAAAAngNWGAAABDUlEQVR4AYXRgUZDYRjH4TegFTKgpEqiFJgoWAoMEQGBgBboChaaAKxLKAhAhQqAdAmpBIQolkCFqp2nITvNKXuA7+\/Hhzey5OWjE4Nq3rzY1f9\/NGHPB549492+8Ww060iCS2XdctZdI3GsECmb+HJoIX6x6EgDm+lURTH+YB7V9nAqE5WNme4YKuOiY6iMe6PaQxUUIuTbswgFVNJwA8sO3Bn6yR6bWZMSNtJwDtuWfHpQxaPx9C9zadil7jrCigbq6UXceNIVKTWUIqypm2ytJdTiNyNeXclF6GttOVfeDEc7qzjR23r3OMFqZKng1kw0mXGLrfibHTScOZWgGv9TdC6ROFeMTgwYiIxvJzMRWQbeGZUAAAAASUVORK5CYII=\" alt=\"Topluluk Taraf\u0131ndan Do\u011fruland\u0131 simgesi\" width=\"16\" height=\"16\" data-atf=\"0\" data-frt=\"0\" \/><\/div>\n<\/div>\n<\/div>\n<div id=\"tw-tmenu\" class=\"tw-menu\"><\/div>\n<\/div>\n<\/div>\n<\/div>\n<\/div>\n<\/div>\n<div id=\"tw-images\"><\/div>\n<div class=\"dURPtb\"><\/div>\n<div>\n<div><\/div>\n<\/div>\n<\/div>\n<\/div>\n<\/div>\n<div class=\"KFFQ0c xKf9F\"><\/div>\n","protected":false},"featured_media":1650,"template":"","meta":[],"product_cat":[268],"product_tag":[],"yoast_head":"<!-- This site is optimized with the Yoast SEO plugin v20.13 - https:\/\/yoast.com\/wordpress\/plugins\/seo\/ -->\n<title>12oz Paper Cup - MottoCup<\/title>\n<meta name=\"description\" content=\"You can also choose our 12oz cardboard cup model, which can be used in coffee and cold drinks, with a design. You can get it from our website with special advantages for Mottocup!\" \/>\n<meta name=\"robots\" content=\"index, follow, max-snippet:-1, max-image-preview:large, max-video-preview:-1\" \/>\n<link rel=\"canonical\" href=\"https:\/\/mottocup.com\/en\/urun\/12oz-paper-cup\/\" \/>\n<meta property=\"og:locale\" content=\"en_US\" \/>\n<meta property=\"og:type\" content=\"article\" \/>\n<meta property=\"og:title\" content=\"12oz Paper Cup - MottoCup\" \/>\n<meta property=\"og:description\" content=\"You can also choose our 12oz cardboard cup model, which can be used in coffee and cold drinks, with a design. You can get it from our website with special advantages for Mottocup!\" \/>\n<meta property=\"og:url\" content=\"https:\/\/mottocup.com\/en\/urun\/12oz-paper-cup\/\" \/>\n<meta property=\"og:site_name\" content=\"MottoCup\" \/>\n<meta property=\"article:modified_time\" content=\"2023-05-12T13:17:20+00:00\" \/>\n<meta property=\"og:image\" content=\"https:\/\/mottocup.com\/wp-content\/uploads\/2020\/05\/12oz-karton-bardak-1.png\" \/>\n\t<meta property=\"og:image:width\" content=\"1037\" \/>\n\t<meta property=\"og:image:height\" content=\"691\" \/>\n\t<meta property=\"og:image:type\" content=\"image\/png\" \/>\n<meta name=\"twitter:card\" content=\"summary_large_image\" \/>\n<meta name=\"twitter:label1\" content=\"Est. reading time\" \/>\n\t<meta name=\"twitter:data1\" content=\"2 minutes\" \/>\n<script type=\"application\/ld+json\" class=\"yoast-schema-graph\">{\"@context\":\"https:\/\/schema.org\",\"@graph\":[{\"@type\":\"WebPage\",\"@id\":\"https:\/\/mottocup.com\/en\/urun\/12oz-paper-cup\/\",\"url\":\"https:\/\/mottocup.com\/en\/urun\/12oz-paper-cup\/\",\"name\":\"12oz Paper Cup - MottoCup\",\"isPartOf\":{\"@id\":\"https:\/\/mottocup.com\/#website\"},\"datePublished\":\"2020-05-19T14:42:46+00:00\",\"dateModified\":\"2023-05-12T13:17:20+00:00\",\"description\":\"You can also choose our 12oz cardboard cup model, which can be used in coffee and cold drinks, with a design. You can get it from our website with special advantages for Mottocup!\",\"breadcrumb\":{\"@id\":\"https:\/\/mottocup.com\/en\/urun\/12oz-paper-cup\/#breadcrumb\"},\"inLanguage\":\"en-US\",\"potentialAction\":[{\"@type\":\"ReadAction\",\"target\":[\"https:\/\/mottocup.com\/en\/urun\/12oz-paper-cup\/\"]}]},{\"@type\":\"BreadcrumbList\",\"@id\":\"https:\/\/mottocup.com\/en\/urun\/12oz-paper-cup\/#breadcrumb\",\"itemListElement\":[{\"@type\":\"ListItem\",\"position\":1,\"name\":\"Ana sayfa\",\"item\":\"https:\/\/mottocup.com\/en\/\"},{\"@type\":\"ListItem\",\"position\":2,\"name\":\"Shop\",\"item\":\"https:\/\/mottocup.com\/shop\/\"},{\"@type\":\"ListItem\",\"position\":3,\"name\":\"12oz Paper Cup\"}]},{\"@type\":\"WebSite\",\"@id\":\"https:\/\/mottocup.com\/#website\",\"url\":\"https:\/\/mottocup.com\/\",\"name\":\"MottoCup\",\"description\":\"Karton Bardak - Plastik Bardak\",\"publisher\":{\"@id\":\"https:\/\/mottocup.com\/#organization\"},\"potentialAction\":[{\"@type\":\"SearchAction\",\"target\":{\"@type\":\"EntryPoint\",\"urlTemplate\":\"https:\/\/mottocup.com\/?s={search_term_string}\"},\"query-input\":\"required name=search_term_string\"}],\"inLanguage\":\"en-US\"},{\"@type\":\"Organization\",\"@id\":\"https:\/\/mottocup.com\/#organization\",\"name\":\"Motto Cup\",\"url\":\"https:\/\/mottocup.com\/\",\"logo\":{\"@type\":\"ImageObject\",\"inLanguage\":\"en-US\",\"@id\":\"https:\/\/mottocup.com\/#\/schema\/logo\/image\/\",\"url\":\"https:\/\/mottocup.com\/wp-content\/uploads\/2020\/05\/pnglogo.png\",\"contentUrl\":\"https:\/\/mottocup.com\/wp-content\/uploads\/2020\/05\/pnglogo.png\",\"width\":1080,\"height\":185,\"caption\":\"Motto Cup\"},\"image\":{\"@id\":\"https:\/\/mottocup.com\/#\/schema\/logo\/image\/\"},\"sameAs\":[\"https:\/\/www.instagram.com\/mottocup\/\"]}]}<\/script>\n<!-- \/ Yoast SEO plugin. -->","yoast_head_json":{"title":"12oz Paper Cup - MottoCup","description":"You can also choose our 12oz cardboard cup model, which can be used in coffee and cold drinks, with a design. You can get it from our website with special advantages for Mottocup!","robots":{"index":"index","follow":"follow","max-snippet":"max-snippet:-1","max-image-preview":"max-image-preview:large","max-video-preview":"max-video-preview:-1"},"canonical":"https:\/\/mottocup.com\/en\/urun\/12oz-paper-cup\/","og_locale":"en_US","og_type":"article","og_title":"12oz Paper Cup - MottoCup","og_description":"You can also choose our 12oz cardboard cup model, which can be used in coffee and cold drinks, with a design. You can get it from our website with special advantages for Mottocup!","og_url":"https:\/\/mottocup.com\/en\/urun\/12oz-paper-cup\/","og_site_name":"MottoCup","article_modified_time":"2023-05-12T13:17:20+00:00","og_image":[{"width":1037,"height":691,"url":"https:\/\/mottocup.com\/wp-content\/uploads\/2020\/05\/12oz-karton-bardak-1.png","type":"image\/png"}],"twitter_card":"summary_large_image","twitter_misc":{"Est. reading time":"2 minutes"},"schema":{"@context":"https:\/\/schema.org","@graph":[{"@type":"WebPage","@id":"https:\/\/mottocup.com\/en\/urun\/12oz-paper-cup\/","url":"https:\/\/mottocup.com\/en\/urun\/12oz-paper-cup\/","name":"12oz Paper Cup - MottoCup","isPartOf":{"@id":"https:\/\/mottocup.com\/#website"},"datePublished":"2020-05-19T14:42:46+00:00","dateModified":"2023-05-12T13:17:20+00:00","description":"You can also choose our 12oz cardboard cup model, which can be used in coffee and cold drinks, with a design. You can get it from our website with special advantages for Mottocup!","breadcrumb":{"@id":"https:\/\/mottocup.com\/en\/urun\/12oz-paper-cup\/#breadcrumb"},"inLanguage":"en-US","potentialAction":[{"@type":"ReadAction","target":["https:\/\/mottocup.com\/en\/urun\/12oz-paper-cup\/"]}]},{"@type":"BreadcrumbList","@id":"https:\/\/mottocup.com\/en\/urun\/12oz-paper-cup\/#breadcrumb","itemListElement":[{"@type":"ListItem","position":1,"name":"Ana sayfa","item":"https:\/\/mottocup.com\/en\/"},{"@type":"ListItem","position":2,"name":"Shop","item":"https:\/\/mottocup.com\/shop\/"},{"@type":"ListItem","position":3,"name":"12oz Paper Cup"}]},{"@type":"WebSite","@id":"https:\/\/mottocup.com\/#website","url":"https:\/\/mottocup.com\/","name":"MottoCup","description":"Karton Bardak - Plastik Bardak","publisher":{"@id":"https:\/\/mottocup.com\/#organization"},"potentialAction":[{"@type":"SearchAction","target":{"@type":"EntryPoint","urlTemplate":"https:\/\/mottocup.com\/?s={search_term_string}"},"query-input":"required name=search_term_string"}],"inLanguage":"en-US"},{"@type":"Organization","@id":"https:\/\/mottocup.com\/#organization","name":"Motto Cup","url":"https:\/\/mottocup.com\/","logo":{"@type":"ImageObject","inLanguage":"en-US","@id":"https:\/\/mottocup.com\/#\/schema\/logo\/image\/","url":"https:\/\/mottocup.com\/wp-content\/uploads\/2020\/05\/pnglogo.png","contentUrl":"https:\/\/mottocup.com\/wp-content\/uploads\/2020\/05\/pnglogo.png","width":1080,"height":185,"caption":"Motto Cup"},"image":{"@id":"https:\/\/mottocup.com\/#\/schema\/logo\/image\/"},"sameAs":["https:\/\/www.instagram.com\/mottocup\/"]}]}},"_links":{"self":[{"href":"https:\/\/mottocup.com\/en\/wp-json\/wp\/v2\/product\/2071"}],"collection":[{"href":"https:\/\/mottocup.com\/en\/wp-json\/wp\/v2\/product"}],"about":[{"href":"https:\/\/mottocup.com\/en\/wp-json\/wp\/v2\/types\/product"}],"wp:featuredmedia":[{"embeddable":true,"href":"https:\/\/mottocup.com\/en\/wp-json\/wp\/v2\/media\/1650"}],"wp:attachment":[{"href":"https:\/\/mottocup.com\/en\/wp-json\/wp\/v2\/media?parent=2071"}],"wp:term":[{"taxonomy":"product_cat","embeddable":true,"href":"https:\/\/mottocup.com\/en\/wp-json\/wp\/v2\/product_cat?post=2071"},{"taxonomy":"product_tag","embeddable":true,"href":"https:\/\/mottocup.com\/en\/wp-json\/wp\/v2\/product_tag?post=2071"}],"curies":[{"name":"wp","href":"https:\/\/api.w.org\/{rel}","templated":true}]}}