{"id":2069,"date":"2020-05-19T14:32:24","date_gmt":"2020-05-19T14:32:24","guid":{"rendered":"https:\/\/mottocup.com\/?post_type=product&#038;p=2069"},"modified":"2023-05-12T13:19:28","modified_gmt":"2023-05-12T13:19:28","slug":"4oz-paper-cup","status":"publish","type":"product","link":"https:\/\/mottocup.com\/en\/urun\/4oz-paper-cup\/","title":{"rendered":"4oz Paper Cup"},"content":{"rendered":"<ul>\n<li>Our cardboard paper cup model is 4 oz.<br \/>\nIt is 4 oz in size and has an average liquid capacity of 100- 125 ml.<\/li>\n<li>Its usage area is quite wide and it is preferred especially for espresso, Turkish coffee and tasting products.<br \/>\nIt is also known as shot glass.<\/li>\n<li>Kullan\u0131m alan\u0131 olduk\u00e7a geni\u015f olup \u00f6zellikle espresso, T\u00fcrk kahvesi ve tad\u0131ml\u0131k \u00fcr\u00fcnler i\u00e7in tercih edilmektedir.<\/li>\n<li>It is also known as shot glass.<\/li>\n<li>It can be supplied with ready-made patterns as well as custom printed.<\/li>\n<li>Our product is made of odorless paper and high quality materials.<\/li>\n<li>The minimum order quantity for our ready-made pattern model with or without a custom printed logo is 1,000.<\/li>\n<li>As a ready-made pattern, we have 3,000 order options per box.<\/li>\n<li>Our dark color model can also be ordered in plain white color.<\/li>\n<li>We have plastic lid options suitable for our 4 oz paper cup model.<\/li>\n<li><span style=\"color: #555555;\">Our cardboard <a href=\"https:\/\/mottocup.com\/\">cup model<\/a> is single-walled. You can check our page for double-walled models.<\/span><\/li>\n<\/ul>\n","protected":false},"excerpt":{"rendered":"<p>125ml Cardboard Paper Cup. Ideal for espresso, Turkish coffee, tasting products. Compatible plastic cover available.<\/p>\n","protected":false},"featured_media":1645,"template":"","meta":[],"product_cat":[268],"product_tag":[],"yoast_head":"<!-- This site is optimized with the Yoast SEO plugin v20.13 - https:\/\/yoast.com\/wordpress\/plugins\/seo\/ -->\n<title>4oz Paper Cup - MottoCup<\/title>\n<meta name=\"description\" content=\"You can contact mottocup.com to order a Special Printed 4 Oz Paper Cup that you can use for espresso, Turkish coffee and tasting products!\" \/>\n<meta name=\"robots\" content=\"index, follow, max-snippet:-1, max-image-preview:large, max-video-preview:-1\" \/>\n<link rel=\"canonical\" href=\"https:\/\/mottocup.com\/en\/urun\/4oz-paper-cup\/\" \/>\n<meta property=\"og:locale\" content=\"en_US\" \/>\n<meta property=\"og:type\" content=\"article\" \/>\n<meta property=\"og:title\" content=\"4oz Paper Cup - MottoCup\" \/>\n<meta property=\"og:description\" content=\"You can contact mottocup.com to order a Special Printed 4 Oz Paper Cup that you can use for espresso, Turkish coffee and tasting products!\" \/>\n<meta property=\"og:url\" content=\"https:\/\/mottocup.com\/en\/urun\/4oz-paper-cup\/\" \/>\n<meta property=\"og:site_name\" content=\"MottoCup\" \/>\n<meta property=\"article:modified_time\" content=\"2023-05-12T13:19:28+00:00\" \/>\n<meta property=\"og:image\" content=\"https:\/\/mottocup.com\/wp-content\/uploads\/2020\/05\/4oz-karton-bardak-2.png\" \/>\n\t<meta property=\"og:image:width\" content=\"1037\" \/>\n\t<meta property=\"og:image:height\" content=\"691\" \/>\n\t<meta property=\"og:image:type\" content=\"image\/png\" \/>\n<meta name=\"twitter:card\" content=\"summary_large_image\" \/>\n<meta name=\"twitter:label1\" content=\"Est. reading time\" \/>\n\t<meta name=\"twitter:data1\" content=\"1 minute\" \/>\n<script type=\"application\/ld+json\" class=\"yoast-schema-graph\">{\"@context\":\"https:\/\/schema.org\",\"@graph\":[{\"@type\":\"WebPage\",\"@id\":\"https:\/\/mottocup.com\/en\/urun\/4oz-paper-cup\/\",\"url\":\"https:\/\/mottocup.com\/en\/urun\/4oz-paper-cup\/\",\"name\":\"4oz Paper Cup - MottoCup\",\"isPartOf\":{\"@id\":\"https:\/\/mottocup.com\/#website\"},\"datePublished\":\"2020-05-19T14:32:24+00:00\",\"dateModified\":\"2023-05-12T13:19:28+00:00\",\"description\":\"You can contact mottocup.com to order a Special Printed 4 Oz Paper Cup that you can use for espresso, Turkish coffee and tasting products!\",\"breadcrumb\":{\"@id\":\"https:\/\/mottocup.com\/en\/urun\/4oz-paper-cup\/#breadcrumb\"},\"inLanguage\":\"en-US\",\"potentialAction\":[{\"@type\":\"ReadAction\",\"target\":[\"https:\/\/mottocup.com\/en\/urun\/4oz-paper-cup\/\"]}]},{\"@type\":\"BreadcrumbList\",\"@id\":\"https:\/\/mottocup.com\/en\/urun\/4oz-paper-cup\/#breadcrumb\",\"itemListElement\":[{\"@type\":\"ListItem\",\"position\":1,\"name\":\"Ana sayfa\",\"item\":\"https:\/\/mottocup.com\/en\/\"},{\"@type\":\"ListItem\",\"position\":2,\"name\":\"Shop\",\"item\":\"https:\/\/mottocup.com\/shop\/\"},{\"@type\":\"ListItem\",\"position\":3,\"name\":\"4oz Paper Cup\"}]},{\"@type\":\"WebSite\",\"@id\":\"https:\/\/mottocup.com\/#website\",\"url\":\"https:\/\/mottocup.com\/\",\"name\":\"MottoCup\",\"description\":\"Karton Bardak - Plastik Bardak\",\"publisher\":{\"@id\":\"https:\/\/mottocup.com\/#organization\"},\"potentialAction\":[{\"@type\":\"SearchAction\",\"target\":{\"@type\":\"EntryPoint\",\"urlTemplate\":\"https:\/\/mottocup.com\/?s={search_term_string}\"},\"query-input\":\"required name=search_term_string\"}],\"inLanguage\":\"en-US\"},{\"@type\":\"Organization\",\"@id\":\"https:\/\/mottocup.com\/#organization\",\"name\":\"Motto Cup\",\"url\":\"https:\/\/mottocup.com\/\",\"logo\":{\"@type\":\"ImageObject\",\"inLanguage\":\"en-US\",\"@id\":\"https:\/\/mottocup.com\/#\/schema\/logo\/image\/\",\"url\":\"https:\/\/mottocup.com\/wp-content\/uploads\/2020\/05\/pnglogo.png\",\"contentUrl\":\"https:\/\/mottocup.com\/wp-content\/uploads\/2020\/05\/pnglogo.png\",\"width\":1080,\"height\":185,\"caption\":\"Motto Cup\"},\"image\":{\"@id\":\"https:\/\/mottocup.com\/#\/schema\/logo\/image\/\"},\"sameAs\":[\"https:\/\/www.instagram.com\/mottocup\/\"]}]}<\/script>\n<!-- \/ Yoast SEO plugin. -->","yoast_head_json":{"title":"4oz Paper Cup - MottoCup","description":"You can contact mottocup.com to order a Special Printed 4 Oz Paper Cup that you can use for espresso, Turkish coffee and tasting products!","robots":{"index":"index","follow":"follow","max-snippet":"max-snippet:-1","max-image-preview":"max-image-preview:large","max-video-preview":"max-video-preview:-1"},"canonical":"https:\/\/mottocup.com\/en\/urun\/4oz-paper-cup\/","og_locale":"en_US","og_type":"article","og_title":"4oz Paper Cup - MottoCup","og_description":"You can contact mottocup.com to order a Special Printed 4 Oz Paper Cup that you can use for espresso, Turkish coffee and tasting products!","og_url":"https:\/\/mottocup.com\/en\/urun\/4oz-paper-cup\/","og_site_name":"MottoCup","article_modified_time":"2023-05-12T13:19:28+00:00","og_image":[{"width":1037,"height":691,"url":"https:\/\/mottocup.com\/wp-content\/uploads\/2020\/05\/4oz-karton-bardak-2.png","type":"image\/png"}],"twitter_card":"summary_large_image","twitter_misc":{"Est. reading time":"1 minute"},"schema":{"@context":"https:\/\/schema.org","@graph":[{"@type":"WebPage","@id":"https:\/\/mottocup.com\/en\/urun\/4oz-paper-cup\/","url":"https:\/\/mottocup.com\/en\/urun\/4oz-paper-cup\/","name":"4oz Paper Cup - MottoCup","isPartOf":{"@id":"https:\/\/mottocup.com\/#website"},"datePublished":"2020-05-19T14:32:24+00:00","dateModified":"2023-05-12T13:19:28+00:00","description":"You can contact mottocup.com to order a Special Printed 4 Oz Paper Cup that you can use for espresso, Turkish coffee and tasting products!","breadcrumb":{"@id":"https:\/\/mottocup.com\/en\/urun\/4oz-paper-cup\/#breadcrumb"},"inLanguage":"en-US","potentialAction":[{"@type":"ReadAction","target":["https:\/\/mottocup.com\/en\/urun\/4oz-paper-cup\/"]}]},{"@type":"BreadcrumbList","@id":"https:\/\/mottocup.com\/en\/urun\/4oz-paper-cup\/#breadcrumb","itemListElement":[{"@type":"ListItem","position":1,"name":"Ana sayfa","item":"https:\/\/mottocup.com\/en\/"},{"@type":"ListItem","position":2,"name":"Shop","item":"https:\/\/mottocup.com\/shop\/"},{"@type":"ListItem","position":3,"name":"4oz Paper Cup"}]},{"@type":"WebSite","@id":"https:\/\/mottocup.com\/#website","url":"https:\/\/mottocup.com\/","name":"MottoCup","description":"Karton Bardak - Plastik Bardak","publisher":{"@id":"https:\/\/mottocup.com\/#organization"},"potentialAction":[{"@type":"SearchAction","target":{"@type":"EntryPoint","urlTemplate":"https:\/\/mottocup.com\/?s={search_term_string}"},"query-input":"required name=search_term_string"}],"inLanguage":"en-US"},{"@type":"Organization","@id":"https:\/\/mottocup.com\/#organization","name":"Motto Cup","url":"https:\/\/mottocup.com\/","logo":{"@type":"ImageObject","inLanguage":"en-US","@id":"https:\/\/mottocup.com\/#\/schema\/logo\/image\/","url":"https:\/\/mottocup.com\/wp-content\/uploads\/2020\/05\/pnglogo.png","contentUrl":"https:\/\/mottocup.com\/wp-content\/uploads\/2020\/05\/pnglogo.png","width":1080,"height":185,"caption":"Motto Cup"},"image":{"@id":"https:\/\/mottocup.com\/#\/schema\/logo\/image\/"},"sameAs":["https:\/\/www.instagram.com\/mottocup\/"]}]}},"_links":{"self":[{"href":"https:\/\/mottocup.com\/en\/wp-json\/wp\/v2\/product\/2069"}],"collection":[{"href":"https:\/\/mottocup.com\/en\/wp-json\/wp\/v2\/product"}],"about":[{"href":"https:\/\/mottocup.com\/en\/wp-json\/wp\/v2\/types\/product"}],"wp:featuredmedia":[{"embeddable":true,"href":"https:\/\/mottocup.com\/en\/wp-json\/wp\/v2\/media\/1645"}],"wp:attachment":[{"href":"https:\/\/mottocup.com\/en\/wp-json\/wp\/v2\/media?parent=2069"}],"wp:term":[{"taxonomy":"product_cat","embeddable":true,"href":"https:\/\/mottocup.com\/en\/wp-json\/wp\/v2\/product_cat?post=2069"},{"taxonomy":"product_tag","embeddable":true,"href":"https:\/\/mottocup.com\/en\/wp-json\/wp\/v2\/product_tag?post=2069"}],"curies":[{"name":"wp","href":"https:\/\/api.w.org\/{rel}","templated":true}]}}